{"id":1521,"date":"2015-05-13T10:11:37","date_gmt":"2015-05-13T09:11:37","guid":{"rendered":"https:\/\/www.performancefactory.nl\/?page_id=1521"},"modified":"2024-01-29T15:46:24","modified_gmt":"2024-01-29T14:46:24","slug":"kontakt","status":"publish","type":"page","link":"https:\/\/www.performancefactory.nl\/de\/kontakt\/","title":{"rendered":"Kontakt"},"content":{"rendered":"<div class=\"mk_sectie header\"\n          >\n     \n      \n            <div class=\"mk_rij mk_rij_kolom_1\"\n                >\n    \n                \n        <div class=\"mk_kolom mk_kolom_1 mk_kolom_1_1\"\n                  >\n                \n            \n      \t<div class=\"mk_module mk_titel\">\n      <div class=\"mk_titel_inner\">\n\t<h1>Kontakt<\/h1>      <\/div>\n    <\/div> <!-- mk_module -->\n  \n      \n      \n              <\/div>\n          <\/div> <!-- mk_rij -->\n        \n          <\/div> <!-- mk_sectie -->\n      <div class=\"mk_sectie kolom_1_3 paddingbottom150\"\n          >\n     \n      \n            <div class=\"mk_rij mk_rij_kolom_2\"\n                >\n    \n                \n        <div class=\"mk_kolom mk_kolom_2 mk_kolom_1_2\"\n                  >\n                \n            \n      \t<div class=\"mk_module mk_titel\">\n      <div class=\"mk_titel_inner\">\n\t<h4>Adresse<\/h4>      <\/div>\n    <\/div> <!-- mk_module -->\n  \t<div class=\"mk_module mk_tekst\">\n      <div class=\"mk_tekst_inner\">\n<p><strong>Hoge Bothofstraat 31-49<br \/><\/strong><strong>7511 ZA Enschede<br \/><\/strong><strong><a href=\"mailto:info@performancefactory.nl\">info@performancefactory.nl<\/a><\/strong><\/p>\n<\/div>\n    <\/div> <!-- mk_module -->\n    <div class=\"mk_module mk_knop\">\n      <div class=\"mk_knop_inner\">\n        <a class=\"mk_button\" href=\"https:\/\/www.performancefactory.nl\/wp-content\/uploads\/2017\/09\/Parkeervoorwaarden_april_2017.pdf\">\n  Park Konditionen<\/a>      <\/div>\n    <\/div> <!-- mk_module -->\n  \t<div class=\"mk_module mk_code googlemapskaart\">\n      <div class=\"mk_code_inner\">\n\t<iframe loading=\"lazy\" src=\"https:\/\/www.google.com\/maps\/embed?pb=!1m18!1m12!1m3!1d2444.135016133755!2d6.900049116159907!3d52.222764779758975!2m3!1f0!2f0!3f0!3m2!1i1024!2i768!4f13.1!3m3!1m2!1s0x47b8146d5b1a4f01%3A0x5f64b9ffbe47358a!2sPerformance+factory+zuid!5e0!3m2!1snl!2snl!4v1505388094841\" width=\"100%\" height=\"532\" frameborder=\"0\" style=\"border:0\" allowfullscreen><\/iframe>      <\/div>\n    <\/div> <!-- mk_module -->\n            <\/div>  \n\n    \n    <div class=\"mk_kolom mk_kolom_2 mk_kolom_1_2\"\n        >\n      \n        \t<div class=\"mk_module mk_titel\">\n      <div class=\"mk_titel_inner\">\n\t<h4> \u00f6ffnungszeiten<\/h4>      <\/div>\n    <\/div> <!-- mk_module -->\n  \t<div class=\"mk_module mk_tekst half\">\n      <div class=\"mk_tekst_inner\">\n<div>\n<div><div class=\"openingstijden_weekoverzicht\"><div class=\"titel\">Geb\u00e4ude S\u00fcd<\/div><div class=\"openingstijdinformatie_week\">\r\n    <script>\r\n        jQuery(function($){\r\n            var d = new Date();\r\n\r\n            var month = d.getMonth()+1;\r\n            var day = d.getDate();\r\n\r\n            var vandaag = \r\n                (month<10 ? '0' : '') + month + '\/' +\r\n                (day<10 ? '0' : '') + day + '\/' + \r\n                d.getFullYear() \r\n            ;\r\n\r\n            var vandaagcode =  d.getFullYear() + \"\" + (month<10 ? '0' : '') + month + \"\" + (day<10 ? '0' : '') + day;\r\n\r\n\r\n            $('.openingstijdinformatie_week').attr('datum',  vandaag);\r\n            $('.openingstijdinformatie_week').attr('code',  vandaagcode);\r\n        });\r\n    <\/script>\r\n<\/div>\r\n\r\n<div class=\"openingstijden weekoverzicht\"><div class=\"week standaard\"><div class=\"dag\" dag=\"Maandag\">\r\n        <div class=\"naam\">Maandag:<\/div><div class=\"tijden\">07.00 - 19.00<\/div><\/div><div class=\"dag\" dag=\"Dinsdag\">\r\n        <div class=\"naam\">Dinsdag:<\/div><div class=\"tijden\">07.00 - 21.00<\/div><\/div><div class=\"dag\" dag=\"Woensdag\">\r\n        <div class=\"naam\">Woensdag:<\/div><div class=\"tijden\">07.00 - 22.00<\/div><\/div><div class=\"dag\" dag=\"Donderdag\">\r\n        <div class=\"naam\">Donderdag:<\/div><div class=\"tijden\">07.00 - 23.00<\/div><\/div><div class=\"dag\" dag=\"Vrijdag\">\r\n        <div class=\"naam\">Vrijdag:<\/div><div class=\"tijden\">07.00 - 23.00<\/div><\/div><div class=\"dag\" dag=\"Zaterdag\">\r\n        <div class=\"naam\">Zaterdag:<\/div><div class=\"tijden\">09.00 - 23.00<\/div><\/div><div class=\"dag\" dag=\"Zondag\">\r\n        <div class=\"naam\">Zondag:<\/div><div class=\"tijden\">10.00 - 22.00<\/div><\/div><\/div><\/div><\/div><\/div>\n<\/div>\n<\/div>\n    <\/div> <!-- mk_module -->\n  \t<div class=\"mk_module mk_tekst half\">\n      <div class=\"mk_tekst_inner\">\n<div>\n<div><div class=\"openingstijden_weekoverzicht\"><div class=\"titel\">Geb\u00e4ude Nord<\/div><div class=\"openingstijdinformatie_week\">\r\n    <script>\r\n        jQuery(function($){\r\n            var d = new Date();\r\n\r\n            var month = d.getMonth()+1;\r\n            var day = d.getDate();\r\n\r\n            var vandaag = \r\n                (month<10 ? '0' : '') + month + '\/' +\r\n                (day<10 ? '0' : '') + day + '\/' + \r\n                d.getFullYear() \r\n            ;\r\n\r\n            var vandaagcode =  d.getFullYear() + \"\" + (month<10 ? '0' : '') + month + \"\" + (day<10 ? '0' : '') + day;\r\n\r\n\r\n            $('.openingstijdinformatie_week').attr('datum',  vandaag);\r\n            $('.openingstijdinformatie_week').attr('code',  vandaagcode);\r\n        });\r\n    <\/script>\r\n<\/div>\r\n\r\n<div class=\"openingstijden weekoverzicht\"><div class=\"week standaard\"><div class=\"dag\" dag=\"Maandag\">\r\n        <div class=\"naam\">Maandag:<\/div><div class=\"tijden\">08.00 - 16.30<\/div><\/div><div class=\"dag\" dag=\"Dinsdag\">\r\n        <div class=\"naam\">Dinsdag:<\/div><div class=\"tijden\">08.00 - 16.30<\/div><\/div><div class=\"dag\" dag=\"Woensdag\">\r\n        <div class=\"naam\">Woensdag:<\/div><div class=\"tijden\">08.00 - 16.30<\/div><\/div><div class=\"dag\" dag=\"Donderdag\">\r\n        <div class=\"naam\">Donderdag:<\/div><div class=\"tijden\">08.00 - 16.30<\/div><\/div><div class=\"dag\" dag=\"Vrijdag\">\r\n        <div class=\"naam\">Vrijdag:<\/div><div class=\"tijden\">08.00 - 16.30<\/div><\/div><div class=\"dag\" dag=\"Zaterdag\">\r\n        <div class=\"naam\">Zaterdag:<\/div><div class=\"tijden\">Geschlossen<\/div><\/div><div class=\"dag\" dag=\"Zondag\">\r\n        <div class=\"naam\">Zondag:<\/div><div class=\"tijden\">Geschlossen<\/div><\/div><\/div><\/div><\/div><\/div>\n<\/div>\n<\/div>\n    <\/div> <!-- mk_module -->\n  \t<div class=\"mk_module mk_tekst\">\n      <div class=\"mk_tekst_inner\">\n<p>F\u00fcr Geb\u00e4ude\u00a0<a href=\"https:\/\/www.performancefactory.nl\/de\/unternehmer\/\">West<\/a>\u00a0und\u00a0<a href=\"https:\/\/www.performancefactory.nl\/de\/unternehmer\/\">Ost<\/a> gelten unterschiedliche \u00d6ffnungszeiten. Diese entnehmen Sie bitte den Websites der einzelnen Unternehmen.<\/p>\n<\/div>\n    <\/div> <!-- mk_module -->\n  \t<div class=\"mk_module mk_titel\">\n      <div class=\"mk_titel_inner\">\n\t<h4>Wegbeschreibung<\/h4>      <\/div>\n    <\/div> <!-- mk_module -->\n    <div class=\"mk_module mk_bestand rood\">\n      <div class=\"mk_bestand_inner\">\n        <a class=\"mk_button\" target=\"_blank\" rel=\"noreferrer noopener\" href=\"https:\/\/www.performancefactory.nl\/wp-content\/uploads\/2024\/01\/DOMIJN_ROUTEBESCHRIJVING_A4_PF.pdf\">\n  Download (NL)<\/a>      <\/div>\n    <\/div> <!-- mk_module -->\n  \n      \n      \n              <\/div>\n          <\/div> <!-- mk_rij -->\n        \n          <\/div> <!-- mk_sectie -->\n  ","protected":false},"excerpt":{"rendered":"<p>KontaktAdresse Hoge Bothofstraat 31-497511 ZA Enschedeinfo@performancefactory.nl Park Konditionen \u00f6ffnungszeiten F\u00fcr Geb\u00e4ude\u00a0West\u00a0und\u00a0Ost gelten unterschiedliche \u00d6ffnungszeiten. Diese entnehmen Sie bitte den Websites der einzelnen Unternehmen. WegbeschreibungDownload (NL)<\/p>\n","protected":false},"author":1,"featured_media":0,"parent":0,"menu_order":0,"comment_status":"open","ping_status":"closed","template":"","meta":{"_acf_changed":false,"footnotes":""},"class_list":["post-1521","page","type-page","status-publish","hentry"],"acf":[],"yoast_head":"<!-- This site is optimized with the Yoast SEO plugin v27.3 - https:\/\/yoast.com\/product\/yoast-seo-wordpress\/ -->\n<title>Kontakt - Performance Factory<\/title>\n<meta name=\"robots\" content=\"index, follow, max-snippet:-1, max-image-preview:large, max-video-preview:-1\" \/>\n<link rel=\"canonical\" href=\"https:\/\/www.performancefactory.nl\/de\/kontakt\/\" \/>\n<meta property=\"og:locale\" content=\"de_DE\" \/>\n<meta property=\"og:type\" content=\"article\" \/>\n<meta property=\"og:title\" content=\"Kontakt - Performance Factory\" \/>\n<meta property=\"og:description\" content=\"KontaktAdresse Hoge Bothofstraat 31-497511 ZA Enschedeinfo@performancefactory.nl Park Konditionen \u00f6ffnungszeiten F\u00fcr Geb\u00e4ude\u00a0West\u00a0und\u00a0Ost gelten unterschiedliche \u00d6ffnungszeiten. Diese entnehmen Sie bitte den Websites der einzelnen Unternehmen. WegbeschreibungDownload (NL)\" \/>\n<meta property=\"og:url\" content=\"https:\/\/www.performancefactory.nl\/de\/kontakt\/\" \/>\n<meta property=\"og:site_name\" content=\"Performance Factory\" \/>\n<meta property=\"article:modified_time\" content=\"2024-01-29T14:46:24+00:00\" \/>\n<meta name=\"twitter:card\" content=\"summary_large_image\" \/>\n<meta name=\"twitter:label1\" content=\"Gesch\u00e4tzte Lesezeit\" \/>\n\t<meta name=\"twitter:data1\" content=\"1 Minute\" \/>\n<script type=\"application\/ld+json\" class=\"yoast-schema-graph\">{\"@context\":\"https:\\\/\\\/schema.org\",\"@graph\":[{\"@type\":\"WebPage\",\"@id\":\"https:\\\/\\\/www.performancefactory.nl\\\/de\\\/kontakt\\\/\",\"url\":\"https:\\\/\\\/www.performancefactory.nl\\\/de\\\/kontakt\\\/\",\"name\":\"Kontakt - Performance Factory\",\"isPartOf\":{\"@id\":\"https:\\\/\\\/www.performancefactory.nl\\\/#website\"},\"datePublished\":\"2015-05-13T09:11:37+00:00\",\"dateModified\":\"2024-01-29T14:46:24+00:00\",\"breadcrumb\":{\"@id\":\"https:\\\/\\\/www.performancefactory.nl\\\/de\\\/kontakt\\\/#breadcrumb\"},\"inLanguage\":\"de-DE\",\"potentialAction\":[{\"@type\":\"ReadAction\",\"target\":[\"https:\\\/\\\/www.performancefactory.nl\\\/de\\\/kontakt\\\/\"]}]},{\"@type\":\"BreadcrumbList\",\"@id\":\"https:\\\/\\\/www.performancefactory.nl\\\/de\\\/kontakt\\\/#breadcrumb\",\"itemListElement\":[{\"@type\":\"ListItem\",\"position\":1,\"name\":\"Home\",\"item\":\"https:\\\/\\\/www.performancefactory.nl\\\/de\\\/\"},{\"@type\":\"ListItem\",\"position\":2,\"name\":\"Kontakt\"}]},{\"@type\":\"WebSite\",\"@id\":\"https:\\\/\\\/www.performancefactory.nl\\\/#website\",\"url\":\"https:\\\/\\\/www.performancefactory.nl\\\/\",\"name\":\"Performance Factory\",\"description\":\"\",\"potentialAction\":[{\"@type\":\"SearchAction\",\"target\":{\"@type\":\"EntryPoint\",\"urlTemplate\":\"https:\\\/\\\/www.performancefactory.nl\\\/?s={search_term_string}\"},\"query-input\":{\"@type\":\"PropertyValueSpecification\",\"valueRequired\":true,\"valueName\":\"search_term_string\"}}],\"inLanguage\":\"de-DE\"}]}<\/script>\n<!-- \/ Yoast SEO plugin. -->","yoast_head_json":{"title":"Kontakt - Performance Factory","robots":{"index":"index","follow":"follow","max-snippet":"max-snippet:-1","max-image-preview":"max-image-preview:large","max-video-preview":"max-video-preview:-1"},"canonical":"https:\/\/www.performancefactory.nl\/de\/kontakt\/","og_locale":"de_DE","og_type":"article","og_title":"Kontakt - Performance Factory","og_description":"KontaktAdresse Hoge Bothofstraat 31-497511 ZA Enschedeinfo@performancefactory.nl Park Konditionen \u00f6ffnungszeiten F\u00fcr Geb\u00e4ude\u00a0West\u00a0und\u00a0Ost gelten unterschiedliche \u00d6ffnungszeiten. Diese entnehmen Sie bitte den Websites der einzelnen Unternehmen. WegbeschreibungDownload (NL)","og_url":"https:\/\/www.performancefactory.nl\/de\/kontakt\/","og_site_name":"Performance Factory","article_modified_time":"2024-01-29T14:46:24+00:00","twitter_card":"summary_large_image","twitter_misc":{"Gesch\u00e4tzte Lesezeit":"1 Minute"},"schema":{"@context":"https:\/\/schema.org","@graph":[{"@type":"WebPage","@id":"https:\/\/www.performancefactory.nl\/de\/kontakt\/","url":"https:\/\/www.performancefactory.nl\/de\/kontakt\/","name":"Kontakt - Performance Factory","isPartOf":{"@id":"https:\/\/www.performancefactory.nl\/#website"},"datePublished":"2015-05-13T09:11:37+00:00","dateModified":"2024-01-29T14:46:24+00:00","breadcrumb":{"@id":"https:\/\/www.performancefactory.nl\/de\/kontakt\/#breadcrumb"},"inLanguage":"de-DE","potentialAction":[{"@type":"ReadAction","target":["https:\/\/www.performancefactory.nl\/de\/kontakt\/"]}]},{"@type":"BreadcrumbList","@id":"https:\/\/www.performancefactory.nl\/de\/kontakt\/#breadcrumb","itemListElement":[{"@type":"ListItem","position":1,"name":"Home","item":"https:\/\/www.performancefactory.nl\/de\/"},{"@type":"ListItem","position":2,"name":"Kontakt"}]},{"@type":"WebSite","@id":"https:\/\/www.performancefactory.nl\/#website","url":"https:\/\/www.performancefactory.nl\/","name":"Performance Factory","description":"","potentialAction":[{"@type":"SearchAction","target":{"@type":"EntryPoint","urlTemplate":"https:\/\/www.performancefactory.nl\/?s={search_term_string}"},"query-input":{"@type":"PropertyValueSpecification","valueRequired":true,"valueName":"search_term_string"}}],"inLanguage":"de-DE"}]}},"_links":{"self":[{"href":"https:\/\/www.performancefactory.nl\/de\/wp-json\/wp\/v2\/pages\/1521","targetHints":{"allow":["GET"]}}],"collection":[{"href":"https:\/\/www.performancefactory.nl\/de\/wp-json\/wp\/v2\/pages"}],"about":[{"href":"https:\/\/www.performancefactory.nl\/de\/wp-json\/wp\/v2\/types\/page"}],"author":[{"embeddable":true,"href":"https:\/\/www.performancefactory.nl\/de\/wp-json\/wp\/v2\/users\/1"}],"replies":[{"embeddable":true,"href":"https:\/\/www.performancefactory.nl\/de\/wp-json\/wp\/v2\/comments?post=1521"}],"version-history":[{"count":16,"href":"https:\/\/www.performancefactory.nl\/de\/wp-json\/wp\/v2\/pages\/1521\/revisions"}],"predecessor-version":[{"id":4324,"href":"https:\/\/www.performancefactory.nl\/de\/wp-json\/wp\/v2\/pages\/1521\/revisions\/4324"}],"wp:attachment":[{"href":"https:\/\/www.performancefactory.nl\/de\/wp-json\/wp\/v2\/media?parent=1521"}],"curies":[{"name":"wp","href":"https:\/\/api.w.org\/{rel}","templated":true}]}}