{"id":1706,"date":"2017-09-11T13:24:46","date_gmt":"2017-09-11T11:24:46","guid":{"rendered":"https:\/\/www.performancefactory.nl\/?page_id=1706"},"modified":"2020-07-14T10:11:59","modified_gmt":"2020-07-14T08:11:59","slug":"was-ist-die-performance-factory","status":"publish","type":"page","link":"https:\/\/www.performancefactory.nl\/de\/was-ist-die-performance-factory\/","title":{"rendered":"Was ist die Performance Factory?"},"content":{"rendered":"<div class=\"mk_sectie header\"\n          >\n     \n      \n            <div class=\"mk_rij mk_rij_kolom_1\"\n                >\n    \n                \n        <div class=\"mk_kolom mk_kolom_1 mk_kolom_1_1\"\n                  >\n                \n            \n      \t<div class=\"mk_module mk_titel\">\n      <div class=\"mk_titel_inner\">\n\t<h1>Was ist die Performance Factory?<\/h1>      <\/div>\n    <\/div> <!-- mk_module -->\n  \n      \n      \n              <\/div>\n          <\/div> <!-- mk_rij -->\n        \n          <\/div> <!-- mk_sectie -->\n      <div class=\"mk_sectie\"\n          >\n     \n      \n            <div class=\"mk_rij mk_rij_kolom_2\"\n                >\n    \n                \n        <div class=\"mk_kolom mk_kolom_2 mk_kolom_1_2\"\n                  >\n                \n            \n      \t<div class=\"mk_module mk_titel\">\n      <div class=\"mk_titel_inner\">\n\t<h2>Was ist die Performance Factory?<\/h2>      <\/div>\n    <\/div> <!-- mk_module -->\n  \t<div class=\"mk_module mk_tekst\">\n      <div class=\"mk_tekst_inner\">\n<p>Die Performance Factory hat sich einen ganz besonderen Standort ausgesucht, n\u00e4mlich das ehemalige Polaroid-Werksgel\u00e4nde mitten in Enschede im Stadtviertel De Bothoven, unweit des Hauptbahnhofs. Das ehemalige Polaroid-Werk ist im Besitz der Wohnungsbaugesellschaft Domijn. Zusammen mit Vertretern der Wirtschaft und der Gemeinde Enschede setzt sich Domijn daf\u00fcr ein, diese stillgelegte Fabrik neu zu beleben.<\/p>\n<p>Die Performance Factory umfasst 4 Geb\u00e4ude, n\u00e4mlich die Geb\u00e4ude Oost (Ost), Zuid (S\u00fcd), Noord (Nord) und West (West), in denen es inzwischen wieder vor Leben sprudelt! Auf unserer Facebook-Seite finden Sie alle Aktivit\u00e4ten. Kommen Sie doch einfach mal vorbei!<\/p>\n<\/div>\n    <\/div> <!-- mk_module -->\n            <\/div>  \n\n    \n    <div class=\"mk_kolom mk_kolom_2 mk_kolom_1_2\"\n        >\n      \n        \t<div class=\"mk_module mk_afbeelding\">\n      <div class=\"mk_afbeelding_inner\">\n\n\t<img decoding=\"async\"  \n      src=\"https:\/\/www.performancefactory.nl\/wp-content\/uploads\/2017\/10\/PF_002-600x399.jpg\" \n      alt=\"\" titel=\"PF_002\"\n      \n    >      <\/div>\n    <\/div> <!-- mk_module -->\n    <div class=\"mk_module mk_knop\">\n      <div class=\"mk_knop_inner\">\n        <a class=\"mk_button\" href=\"https:\/\/www.performancefactory.nl\/wp-content\/uploads\/2017\/12\/Ambitieboekje_DEF.pdf\">\n  Download Ambition dokument<\/a>      <\/div>\n    <\/div> <!-- mk_module -->\n  \n      \n      \n              <\/div>\n          <\/div> <!-- mk_rij -->\n        \n          <\/div> <!-- mk_sectie -->\n      <div class=\"mk_sectie paars texture\"\n          >\n     \n      \n            <div class=\"mk_rij mk_rij_kolom_2\"\n                >\n    \n                \n        <div class=\"mk_kolom mk_kolom_2 mk_kolom_1_2\"\n                  >\n                \n            \n      \t<div class=\"mk_module mk_afbeelding\">\n      <div class=\"mk_afbeelding_inner\">\n\n\t<img decoding=\"async\"  \n      src=\"https:\/\/www.performancefactory.nl\/wp-content\/uploads\/2017\/10\/2-600x406.jpg\" \n      alt=\"\" titel=\"2\"\n      \n    >      <\/div>\n    <\/div> <!-- mk_module -->\n            <\/div>  \n\n    \n    <div class=\"mk_kolom mk_kolom_2 mk_kolom_1_2\"\n        >\n      \n        \t<div class=\"mk_module mk_titel\">\n      <div class=\"mk_titel_inner\">\n\t<h2>Geschichte<\/h2>      <\/div>\n    <\/div> <!-- mk_module -->\n  \t<div class=\"mk_module mk_tekst\">\n      <div class=\"mk_tekst_inner\">\n<p>Die Performance Factory hat sich im ehemaligen Polaroid-Werksgel\u00e4nde im Herzen von Enschede niedergelassen.<\/p>\n<p>Die Fabrik auf dem Gel\u00e4nde war urspr\u00fcnglich Schauplatz der reichen Textilindustrie von Twente. Sp\u00e4ter wurden dort Polaroid-Kameras repariert und Sofortbildfilme hergestellt.<\/p>\n<p>Noch heute finden sich auf dem Gel\u00e4nde stille Zeugen jener Zeit, beispielsweise der alte Schornstein auf dem Dach, aber auch die historische Fassade mit Originalbausteinen oder Spuren von Holzkohle in dem Raum, in dem fr\u00fcher vor dem alten Schornstein geheizt wurde.<\/p>\n<\/div>\n    <\/div> <!-- mk_module -->\n  \n      \n      \n              <\/div>\n          <\/div> <!-- mk_rij -->\n        \n          <\/div> <!-- mk_sectie -->\n      <div class=\"mk_sectie\"\n       style=\"background-image:url(https:\/\/www.performancefactory.nl\/wp-content\/uploads\/2017\/10\/ZABUKI_011-Zuid-9-1920x1030.jpg);\"    >\n     \n      \n            <div class=\"mk_rij mk_rij_kolom_2\"\n                >\n    \n                \n        <div class=\"mk_kolom mk_kolom_2 mk_kolom_1_2\"\n                  >\n                \n            \n      \t<div class=\"mk_module mk_titel\">\n      <div class=\"mk_titel_inner\">\n\t<h3>Zusammenarbeiten in einem Wachstumsmodell<\/h3>      <\/div>\n    <\/div> <!-- mk_module -->\n  \t<div class=\"mk_module mk_tekst\">\n      <div class=\"mk_tekst_inner\">\n<p><strong>Einzigartig an der Performance Factory ist, dass es keinen feststehenden Masterplan gibt, sondern dass der Betrieb einem Wachstumsmodell folgt. Partner, Unternehmer und Bewohner aus der Nachbarschaft gestalten gemeinsam die Performance Factory. Durch Zusammenarbeit entsteht ein Mehrwert, und kommerzielle und nicht-kommerzielle Aktivit\u00e4ten erg\u00e4nzen sich.<\/strong><\/p>\n<\/div>\n    <\/div> <!-- mk_module -->\n            <\/div>  \n\n    \n    <div class=\"mk_kolom mk_kolom_2 mk_kolom_1_2\"\n        >\n      \n        \n      \n      \n              <\/div>\n          <\/div> <!-- mk_rij -->\n        \n          <\/div> <!-- mk_sectie -->\n      <div class=\"mk_sectie paars texture kolom_2_3\"\n          >\n     \n      \n            <div class=\"mk_rij mk_rij_kolom_1\"\n                >\n    \n                \n        <div class=\"mk_kolom mk_kolom_1 mk_kolom_1_1\"\n                  >\n                \n            \n      \t<div class=\"mk_module mk_titel\">\n      <div class=\"mk_titel_inner\">\n\t<h3>Teilnehmende Organisationen und Unternehmer<\/h3>      <\/div>\n    <\/div> <!-- mk_module -->\n  \n      \n      \n              <\/div>\n          <\/div> <!-- mk_rij -->\n      <div class=\"mk_rij mk_rij_kolom_2\"\n                >\n    \n                \n        <div class=\"mk_kolom mk_kolom_2 mk_kolom_1_2\"\n                  >\n                \n            \n      \t<div class=\"mk_module mk_tekst\">\n      <div class=\"mk_tekst_inner\">\n<p>Die folgenden Teilnehmer waren von Anfang an bei der Entwicklung der Performance Factory beteiligt: Het Stedelijk Lyceum, Innosport, Muziekschool Twente, Pro-F, Radar Elixer, Skatepark De Fabriek, SPASS, Stichting ArTwekkelo (SART), Wohnungsbaugesellschaft Domijn und Cube Bouldergym. Inzwischen sind viele Organisationen und Unternehmer hinzugekommen.<\/p>\n<\/div>\n    <\/div> <!-- mk_module -->\n            <\/div>  \n\n    \n    <div class=\"mk_kolom mk_kolom_2 mk_kolom_1_2\"\n        >\n      \n          <div class=\"mk_module mk_knop\">\n      <div class=\"mk_knop_inner\">\n        <a class=\"mk_button\" href=\"https:\/\/www.performancefactory.nl\/de\/unternehmer\/\">\n  Alle Unternehmer ansehen<\/a>      <\/div>\n    <\/div> <!-- mk_module -->\n  \n      \n      \n              <\/div>\n          <\/div> <!-- mk_rij -->\n        \n          <\/div> <!-- mk_sectie -->\n      <div class=\"mk_sectie paddingbottom100\"\n          >\n     \n      \n            <div class=\"mk_rij mk_rij_kolom_2\"\n                >\n    \n                \n        <div class=\"mk_kolom mk_kolom_2 mk_kolom_1_2\"\n                  >\n                \n            \n      \t<div class=\"mk_module mk_titel\">\n      <div class=\"mk_titel_inner\">\n\t<h2>Zielgruppen: unsere Botschafter<\/h2>      <\/div>\n    <\/div> <!-- mk_module -->\n  \t<div class=\"mk_module mk_tekst\">\n      <div class=\"mk_tekst_inner\">\n<div class=\"et_pb_module et_pb_text et_pb_text_8  et_pb_text_align_left et_pb_bg_layout_light\">\n<div class=\"et_pb_text_inner\">\n<p>Unsere Kunden: Die Performance Factory ist f\u00fcr alle da, egal ob jung oder alt. Mit unserem Schwerpunkt Enschede und Umgebung m\u00f6chten wir vor allem Menschen aus der unmittelbaren Nachbarschaft und aus den angrenzenden Stadtvierteln erreichen.<\/p>\n<p>Organisationen und Unternehmer: Sie stammen aus allen m\u00f6glichen Sparten und alles ist dabei, von gro\u00df bis klein, von Start-up bis zum etablierten Unternehmen. Allen gemeinsam ist ihre Aufgeschlossenheit f\u00fcr Neues, ihre Bereitschaft, sich gegenseitig zu st\u00e4rken und sich Wachstum, aber auch Raum zu g\u00f6nnen. Sie f\u00fchlen sich sozialen Projekten verbunden und leisten ihren Beitrag dazu. Zusammen sind all diese Menschen die neuen Botschafter der Performance Factory, die das weitere Wachstum des Konzepts erm\u00f6glichen.<\/p>\n<\/div>\n<\/div>\n<\/div>\n    <\/div> <!-- mk_module -->\n            <\/div>  \n\n    \n    <div class=\"mk_kolom mk_kolom_2 mk_kolom_1_2\"\n        >\n      \n        \t<div class=\"mk_module mk_titel\">\n      <div class=\"mk_titel_inner\">\n\t<h2>Standort<\/h2>      <\/div>\n    <\/div> <!-- mk_module -->\n  \t<div class=\"mk_module mk_tekst\">\n      <div class=\"mk_tekst_inner\">\n<p>Die ehemalige Polaroid-Fabrik ist mit ihrer industriellen Ausstrahlung ein ganz besonderer Ort, der Menschen inspiriert. Die Performance Factory liegt mitten in Enschede, nicht weit vom Zentrum und vom Hauptbahnhof entfernt. Sie entwickelt sich zu einem markanten Teil des lebendigen Mittelpunkts des Viertels De Bothoven und zu einem sozialen und physischen Bindeglied der benachbarten Wohngebiete.<\/p>\n<\/div>\n    <\/div> <!-- mk_module -->\n  \n      \n      \n              <\/div>\n          <\/div> <!-- mk_rij -->\n        \n          <\/div> <!-- mk_sectie -->\n  ","protected":false},"excerpt":{"rendered":"<p>Was ist die Performance Factory?Was ist die Performance Factory? Die Performance Factory hat sich einen ganz besonderen Standort ausgesucht, n\u00e4mlich das ehemalige Polaroid-Werksgel\u00e4nde mitten in Enschede im Stadtviertel De Bothoven, unweit des Hauptbahnhofs. Das ehemalige Polaroid-Werk ist im Besitz der Wohnungsbaugesellschaft Domijn. Zusammen mit Vertretern der Wirtschaft und der Gemeinde Enschede setzt sich Domijn daf\u00fcr [&hellip;]<\/p>\n","protected":false},"author":1,"featured_media":0,"parent":0,"menu_order":0,"comment_status":"closed","ping_status":"closed","template":"","meta":{"_acf_changed":false,"footnotes":""},"class_list":["post-1706","page","type-page","status-publish","hentry"],"acf":[],"yoast_head":"<!-- This site is optimized with the Yoast SEO plugin v27.4 - https:\/\/yoast.com\/product\/yoast-seo-wordpress\/ -->\n<title>Was ist die Performance Factory? - Performance Factory<\/title>\n<meta name=\"robots\" content=\"index, follow, max-snippet:-1, max-image-preview:large, max-video-preview:-1\" \/>\n<link rel=\"canonical\" href=\"https:\/\/www.performancefactory.nl\/wat-is-de-pf\/\" \/>\n<meta property=\"og:locale\" content=\"de_DE\" \/>\n<meta property=\"og:type\" content=\"article\" \/>\n<meta property=\"og:title\" content=\"Was ist die Performance Factory? - Performance Factory\" \/>\n<meta property=\"og:description\" content=\"Was ist die Performance Factory?Was ist die Performance Factory? Die Performance Factory hat sich einen ganz besonderen Standort ausgesucht, n\u00e4mlich das ehemalige Polaroid-Werksgel\u00e4nde mitten in Enschede im Stadtviertel De Bothoven, unweit des Hauptbahnhofs. Das ehemalige Polaroid-Werk ist im Besitz der Wohnungsbaugesellschaft Domijn. Zusammen mit Vertretern der Wirtschaft und der Gemeinde Enschede setzt sich Domijn daf\u00fcr [&hellip;]\" \/>\n<meta property=\"og:url\" content=\"https:\/\/www.performancefactory.nl\/wat-is-de-pf\/\" \/>\n<meta property=\"og:site_name\" content=\"Performance Factory\" \/>\n<meta property=\"article:modified_time\" content=\"2020-07-14T08:11:59+00:00\" \/>\n<meta name=\"twitter:card\" content=\"summary_large_image\" \/>\n<meta name=\"twitter:label1\" content=\"Gesch\u00e4tzte Lesezeit\" \/>\n\t<meta name=\"twitter:data1\" content=\"4 Minuten\" \/>\n<script type=\"application\/ld+json\" class=\"yoast-schema-graph\">{\"@context\":\"https:\\\/\\\/schema.org\",\"@graph\":[{\"@type\":\"WebPage\",\"@id\":\"https:\\\/\\\/www.performancefactory.nl\\\/wat-is-de-pf\\\/\",\"url\":\"https:\\\/\\\/www.performancefactory.nl\\\/wat-is-de-pf\\\/\",\"name\":\"Was ist die Performance Factory? - Performance Factory\",\"isPartOf\":{\"@id\":\"https:\\\/\\\/www.performancefactory.nl\\\/#website\"},\"datePublished\":\"2017-09-11T11:24:46+00:00\",\"dateModified\":\"2020-07-14T08:11:59+00:00\",\"breadcrumb\":{\"@id\":\"https:\\\/\\\/www.performancefactory.nl\\\/wat-is-de-pf\\\/#breadcrumb\"},\"inLanguage\":\"de-DE\",\"potentialAction\":[{\"@type\":\"ReadAction\",\"target\":[\"https:\\\/\\\/www.performancefactory.nl\\\/wat-is-de-pf\\\/\"]}]},{\"@type\":\"BreadcrumbList\",\"@id\":\"https:\\\/\\\/www.performancefactory.nl\\\/wat-is-de-pf\\\/#breadcrumb\",\"itemListElement\":[{\"@type\":\"ListItem\",\"position\":1,\"name\":\"Home\",\"item\":\"https:\\\/\\\/www.performancefactory.nl\\\/de\\\/\"},{\"@type\":\"ListItem\",\"position\":2,\"name\":\"Was ist die Performance Factory?\"}]},{\"@type\":\"WebSite\",\"@id\":\"https:\\\/\\\/www.performancefactory.nl\\\/#website\",\"url\":\"https:\\\/\\\/www.performancefactory.nl\\\/\",\"name\":\"Performance Factory\",\"description\":\"\",\"potentialAction\":[{\"@type\":\"SearchAction\",\"target\":{\"@type\":\"EntryPoint\",\"urlTemplate\":\"https:\\\/\\\/www.performancefactory.nl\\\/?s={search_term_string}\"},\"query-input\":{\"@type\":\"PropertyValueSpecification\",\"valueRequired\":true,\"valueName\":\"search_term_string\"}}],\"inLanguage\":\"de-DE\"}]}<\/script>\n<!-- \/ Yoast SEO plugin. -->","yoast_head_json":{"title":"Was ist die Performance Factory? - Performance Factory","robots":{"index":"index","follow":"follow","max-snippet":"max-snippet:-1","max-image-preview":"max-image-preview:large","max-video-preview":"max-video-preview:-1"},"canonical":"https:\/\/www.performancefactory.nl\/wat-is-de-pf\/","og_locale":"de_DE","og_type":"article","og_title":"Was ist die Performance Factory? - Performance Factory","og_description":"Was ist die Performance Factory?Was ist die Performance Factory? Die Performance Factory hat sich einen ganz besonderen Standort ausgesucht, n\u00e4mlich das ehemalige Polaroid-Werksgel\u00e4nde mitten in Enschede im Stadtviertel De Bothoven, unweit des Hauptbahnhofs. Das ehemalige Polaroid-Werk ist im Besitz der Wohnungsbaugesellschaft Domijn. Zusammen mit Vertretern der Wirtschaft und der Gemeinde Enschede setzt sich Domijn daf\u00fcr [&hellip;]","og_url":"https:\/\/www.performancefactory.nl\/wat-is-de-pf\/","og_site_name":"Performance Factory","article_modified_time":"2020-07-14T08:11:59+00:00","twitter_card":"summary_large_image","twitter_misc":{"Gesch\u00e4tzte Lesezeit":"4 Minuten"},"schema":{"@context":"https:\/\/schema.org","@graph":[{"@type":"WebPage","@id":"https:\/\/www.performancefactory.nl\/wat-is-de-pf\/","url":"https:\/\/www.performancefactory.nl\/wat-is-de-pf\/","name":"Was ist die Performance Factory? - Performance Factory","isPartOf":{"@id":"https:\/\/www.performancefactory.nl\/#website"},"datePublished":"2017-09-11T11:24:46+00:00","dateModified":"2020-07-14T08:11:59+00:00","breadcrumb":{"@id":"https:\/\/www.performancefactory.nl\/wat-is-de-pf\/#breadcrumb"},"inLanguage":"de-DE","potentialAction":[{"@type":"ReadAction","target":["https:\/\/www.performancefactory.nl\/wat-is-de-pf\/"]}]},{"@type":"BreadcrumbList","@id":"https:\/\/www.performancefactory.nl\/wat-is-de-pf\/#breadcrumb","itemListElement":[{"@type":"ListItem","position":1,"name":"Home","item":"https:\/\/www.performancefactory.nl\/de\/"},{"@type":"ListItem","position":2,"name":"Was ist die Performance Factory?"}]},{"@type":"WebSite","@id":"https:\/\/www.performancefactory.nl\/#website","url":"https:\/\/www.performancefactory.nl\/","name":"Performance Factory","description":"","potentialAction":[{"@type":"SearchAction","target":{"@type":"EntryPoint","urlTemplate":"https:\/\/www.performancefactory.nl\/?s={search_term_string}"},"query-input":{"@type":"PropertyValueSpecification","valueRequired":true,"valueName":"search_term_string"}}],"inLanguage":"de-DE"}]}},"_links":{"self":[{"href":"https:\/\/www.performancefactory.nl\/de\/wp-json\/wp\/v2\/pages\/1706","targetHints":{"allow":["GET"]}}],"collection":[{"href":"https:\/\/www.performancefactory.nl\/de\/wp-json\/wp\/v2\/pages"}],"about":[{"href":"https:\/\/www.performancefactory.nl\/de\/wp-json\/wp\/v2\/types\/page"}],"author":[{"embeddable":true,"href":"https:\/\/www.performancefactory.nl\/de\/wp-json\/wp\/v2\/users\/1"}],"replies":[{"embeddable":true,"href":"https:\/\/www.performancefactory.nl\/de\/wp-json\/wp\/v2\/comments?post=1706"}],"version-history":[{"count":8,"href":"https:\/\/www.performancefactory.nl\/de\/wp-json\/wp\/v2\/pages\/1706\/revisions"}],"predecessor-version":[{"id":3022,"href":"https:\/\/www.performancefactory.nl\/de\/wp-json\/wp\/v2\/pages\/1706\/revisions\/3022"}],"wp:attachment":[{"href":"https:\/\/www.performancefactory.nl\/de\/wp-json\/wp\/v2\/media?parent=1706"}],"curies":[{"name":"wp","href":"https:\/\/api.w.org\/{rel}","templated":true}]}}